
{"id":14393,"date":"2022-11-08T12:05:58","date_gmt":"2022-11-08T12:05:58","guid":{"rendered":"https:\/\/lossaw.com\/store\/?page_id=14393"},"modified":"2022-11-08T12:18:04","modified_gmt":"2022-11-08T12:18:04","slug":"politique-de-confidentialite","status":"publish","type":"page","link":"https:\/\/lossaw.com\/store\/politique-de-confidentialite\/?lang=fr","title":{"rendered":"POLITIQUE DE CONFIDENTIALIT\u00c9"},"content":{"rendered":"\t\t<div data-elementor-type=\"wp-page\" data-elementor-id=\"14393\" class=\"elementor elementor-14393\">\n\t\t\t\t\t\t<section class=\"elementor-section elementor-top-section elementor-element elementor-element-d680b04 elementor-section-boxed elementor-section-height-default elementor-section-height-default\" data-id=\"d680b04\" data-element_type=\"section\">\n\t\t\t\t\t\t<div class=\"elementor-container elementor-column-gap-default\">\n\t\t\t\t\t<div class=\"elementor-column elementor-col-100 elementor-top-column elementor-element elementor-element-d63cccf\" data-id=\"d63cccf\" data-element_type=\"column\">\n\t\t\t<div class=\"elementor-widget-wrap elementor-element-populated\">\n\t\t\t\t\t\t<div class=\"elementor-element elementor-element-c707ee0 elementor-widget elementor-widget-heading\" data-id=\"c707ee0\" data-element_type=\"widget\" data-widget_type=\"heading.default\">\n\t\t\t\t<div class=\"elementor-widget-container\">\n\t\t\t<h2 class=\"elementor-heading-title elementor-size-default\">POLITIQUE DE CONFIDENTIALIT\u00c9\n<\/h2>\t\t<\/div>\n\t\t\t\t<\/div>\n\t\t\t\t\t<\/div>\n\t\t<\/div>\n\t\t\t\t\t<\/div>\n\t\t<\/section>\n\t\t\t\t<section class=\"elementor-section elementor-top-section elementor-element elementor-element-6c3c481 elementor-section-boxed elementor-section-height-default elementor-section-height-default\" data-id=\"6c3c481\" data-element_type=\"section\">\n\t\t\t\t\t\t<div class=\"elementor-container elementor-column-gap-default\">\n\t\t\t\t\t<div class=\"elementor-column elementor-col-100 elementor-top-column elementor-element elementor-element-733ff5d\" data-id=\"733ff5d\" data-element_type=\"column\">\n\t\t\t<div class=\"elementor-widget-wrap elementor-element-populated\">\n\t\t\t\t\t\t<div class=\"elementor-element elementor-element-4ebef7e elementor-widget elementor-widget-heading\" data-id=\"4ebef7e\" data-element_type=\"widget\" data-widget_type=\"heading.default\">\n\t\t\t\t<div class=\"elementor-widget-container\">\n\t\t\t<h2 class=\"elementor-heading-title elementor-size-default\">SECTION 1 - QUE FAISONS-NOUS AVEC VOS INFORMATIONS?\n<\/h2>\t\t<\/div>\n\t\t\t\t<\/div>\n\t\t\t\t<div class=\"elementor-element elementor-element-637a04a elementor-widget elementor-widget-text-editor\" data-id=\"637a04a\" data-element_type=\"widget\" data-widget_type=\"text-editor.default\">\n\t\t\t\t<div class=\"elementor-widget-container\">\n\t\t\t\t\t\t\tLorsque vous achetez quelque chose dans notre magasin, dans le cadre du processus d&#8217;achat et de vente, nous collectons les informations personnelles que vous nous communiquez, telles que votre nom, adresse et adresse e-mail.\nLorsque vous parcourez notre magasin, nous recevons automatiquement l&#8217;adresse IP de votre ordinateur afin de nous fournir des informations qui nous aident \u00e0 mieux conna\u00eetre votre navigateur et votre syst\u00e8me d&#8217;exploitation.\nEmail marketing (le cas \u00e9ch\u00e9ant): Avec votre permission, nous pouvons vous envoyer des courriels concernant notre magasin, nos nouveaux produits et d&#8217;autres mises \u00e0 jour.\t\t\t\t\t\t<\/div>\n\t\t\t\t<\/div>\n\t\t\t\t\t<\/div>\n\t\t<\/div>\n\t\t\t\t\t<\/div>\n\t\t<\/section>\n\t\t\t\t<section class=\"elementor-section elementor-top-section elementor-element elementor-element-a305aa9 elementor-section-boxed elementor-section-height-default elementor-section-height-default\" data-id=\"a305aa9\" data-element_type=\"section\">\n\t\t\t\t\t\t<div class=\"elementor-container elementor-column-gap-default\">\n\t\t\t\t\t<div class=\"elementor-column elementor-col-100 elementor-top-column elementor-element elementor-element-2fb1029\" data-id=\"2fb1029\" data-element_type=\"column\">\n\t\t\t<div class=\"elementor-widget-wrap elementor-element-populated\">\n\t\t\t\t\t\t<div class=\"elementor-element elementor-element-6b2957c elementor-widget elementor-widget-heading\" data-id=\"6b2957c\" data-element_type=\"widget\" data-widget_type=\"heading.default\">\n\t\t\t\t<div class=\"elementor-widget-container\">\n\t\t\t<h2 class=\"elementor-heading-title elementor-size-default\">SECTION 2 - CONSENTEMENT\n<\/h2>\t\t<\/div>\n\t\t\t\t<\/div>\n\t\t\t\t<div class=\"elementor-element elementor-element-caf4291 elementor-widget elementor-widget-text-editor\" data-id=\"caf4291\" data-element_type=\"widget\" data-widget_type=\"text-editor.default\">\n\t\t\t\t<div class=\"elementor-widget-container\">\n\t\t\t\t\t\t\t<p>Comment obtenez-vous mon consentement?<br \/>Lorsque vous nous fournissez des informations personnelles pour effectuer une transaction, v\u00e9rifier votre carte de cr\u00e9dit, passer une commande, organiser une livraison ou retourner un achat, nous supposons que vous consentez \u00e0 ce que nous le collections et l&#8217;utilisions uniquement pour cette raison sp\u00e9cifique.<br \/>Si nous demandons vos renseignements personnels pour une raison secondaire, comme le marketing, nous vous demanderons directement votre consentement explicite, ou vous donnerons l&#8217;occasion de dire non.<\/p><p>Comment puis-je retirer mon consentement?<br \/>Si, apr\u00e8s votre acceptation, vous changez d&#8217;avis, vous pouvez retirer votre consentement pour que nous vous contactions, pour la collecte, l&#8217;utilisation ou la divulgation continue de vos informations, \u00e0 tout moment, en nous contactant \u00e0 contact@lossaw.com\/store<\/p>\t\t\t\t\t\t<\/div>\n\t\t\t\t<\/div>\n\t\t\t\t\t<\/div>\n\t\t<\/div>\n\t\t\t\t\t<\/div>\n\t\t<\/section>\n\t\t\t\t<section class=\"elementor-section elementor-top-section elementor-element elementor-element-cf321c1 elementor-section-boxed elementor-section-height-default elementor-section-height-default\" data-id=\"cf321c1\" data-element_type=\"section\">\n\t\t\t\t\t\t<div class=\"elementor-container elementor-column-gap-default\">\n\t\t\t\t\t<div class=\"elementor-column elementor-col-100 elementor-top-column elementor-element elementor-element-2fe2a9d\" data-id=\"2fe2a9d\" data-element_type=\"column\">\n\t\t\t<div class=\"elementor-widget-wrap elementor-element-populated\">\n\t\t\t\t\t\t<div class=\"elementor-element elementor-element-92eab8e elementor-widget elementor-widget-heading\" data-id=\"92eab8e\" data-element_type=\"widget\" data-widget_type=\"heading.default\">\n\t\t\t\t<div class=\"elementor-widget-container\">\n\t\t\t<h2 class=\"elementor-heading-title elementor-size-default\">SECTION 3 - DIVULGATION\n<\/h2>\t\t<\/div>\n\t\t\t\t<\/div>\n\t\t\t\t<div class=\"elementor-element elementor-element-6fbed9a elementor-widget elementor-widget-text-editor\" data-id=\"6fbed9a\" data-element_type=\"widget\" data-widget_type=\"text-editor.default\">\n\t\t\t\t<div class=\"elementor-widget-container\">\n\t\t\t\t\t\t\tNous pouvons divulguer vos informations personnelles si nous sommes tenus par la loi de le faire ou si vous violez nos Conditions d&#8217;utilisation.\n\t\t\t\t\t\t<\/div>\n\t\t\t\t<\/div>\n\t\t\t\t\t<\/div>\n\t\t<\/div>\n\t\t\t\t\t<\/div>\n\t\t<\/section>\n\t\t\t\t<section class=\"elementor-section elementor-top-section elementor-element elementor-element-9abeb19 elementor-section-boxed elementor-section-height-default elementor-section-height-default\" data-id=\"9abeb19\" data-element_type=\"section\">\n\t\t\t\t\t\t<div class=\"elementor-container elementor-column-gap-default\">\n\t\t\t\t\t<div class=\"elementor-column elementor-col-100 elementor-top-column elementor-element elementor-element-f324aca\" data-id=\"f324aca\" data-element_type=\"column\">\n\t\t\t<div class=\"elementor-widget-wrap elementor-element-populated\">\n\t\t\t\t\t\t<div class=\"elementor-element elementor-element-faea58b elementor-widget elementor-widget-heading\" data-id=\"faea58b\" data-element_type=\"widget\" data-widget_type=\"heading.default\">\n\t\t\t\t<div class=\"elementor-widget-container\">\n\t\t\t<h2 class=\"elementor-heading-title elementor-size-default\">SECTION 4 - CMS<\/h2>\t\t<\/div>\n\t\t\t\t<\/div>\n\t\t\t\t<div class=\"elementor-element elementor-element-02428b7 elementor-widget elementor-widget-text-editor\" data-id=\"02428b7\" data-element_type=\"widget\" data-widget_type=\"text-editor.default\">\n\t\t\t\t<div class=\"elementor-widget-container\">\n\t\t\t\t\t\t\tNotre magasin est h\u00e9berg\u00e9 sur Hostgator via WooCommerce. Ils nous fournissent la plateforme de commerce \u00e9lectronique en ligne qui nous permet de vous vendre nos produits et services.\nVos donn\u00e9es sont stock\u00e9es via le stockage de donn\u00e9es de Shopify, les bases de donn\u00e9es et l&#8217;application g\u00e9n\u00e9rale WooCommerce. Ils stockent vos donn\u00e9es sur un serveur s\u00e9curis\u00e9 derri\u00e8re un pare-feu.\t\t\t\t\t\t<\/div>\n\t\t\t\t<\/div>\n\t\t\t\t\t<\/div>\n\t\t<\/div>\n\t\t\t\t\t<\/div>\n\t\t<\/section>\n\t\t\t\t<section class=\"elementor-section elementor-top-section elementor-element elementor-element-dcaaa65 elementor-section-boxed elementor-section-height-default elementor-section-height-default\" data-id=\"dcaaa65\" data-element_type=\"section\">\n\t\t\t\t\t\t<div class=\"elementor-container elementor-column-gap-default\">\n\t\t\t\t\t<div class=\"elementor-column elementor-col-100 elementor-top-column elementor-element elementor-element-91a4084\" data-id=\"91a4084\" data-element_type=\"column\">\n\t\t\t<div class=\"elementor-widget-wrap elementor-element-populated\">\n\t\t\t\t\t\t<div class=\"elementor-element elementor-element-a2106bd elementor-widget elementor-widget-heading\" data-id=\"a2106bd\" data-element_type=\"widget\" data-widget_type=\"heading.default\">\n\t\t\t\t<div class=\"elementor-widget-container\">\n\t\t\t<h2 class=\"elementor-heading-title elementor-size-default\">SECTION 5 - S\u00c9CURIT\u00c9<\/h2>\t\t<\/div>\n\t\t\t\t<\/div>\n\t\t\t\t<div class=\"elementor-element elementor-element-9122d14 elementor-widget elementor-widget-text-editor\" data-id=\"9122d14\" data-element_type=\"widget\" data-widget_type=\"text-editor.default\">\n\t\t\t\t<div class=\"elementor-widget-container\">\n\t\t\t\t\t\t\tPour prot\u00e9ger vos informations personnelles, nous prenons des pr\u00e9cautions raisonnables et nous suivons les meilleures pratiques de l&#8217;industrie pour nous assurer qu&#8217;elles ne sont pas perdues, mal utilis\u00e9es, consult\u00e9es, divulgu\u00e9es, alt\u00e9r\u00e9es ou d\u00e9truites de mani\u00e8re inappropri\u00e9e.\nSi vous nous fournissez vos informations de carte de cr\u00e9dit, les informations sont crypt\u00e9es \u00e0 l&#8217;aide de la technologie SSL (Secure Socket Layer) et stock\u00e9es avec un cryptage AES-256. Bien qu&#8217;aucune m\u00e9thode de transmission sur Internet ou de stockage \u00e9lectronique ne soit s\u00e9curis\u00e9e \u00e0 100%, nous suivons toutes les exigences PCI-DSS et mettons en \u0153uvre des normes sectorielles g\u00e9n\u00e9ralement reconnues.\n\t\t\t\t\t\t<\/div>\n\t\t\t\t<\/div>\n\t\t\t\t\t<\/div>\n\t\t<\/div>\n\t\t\t\t\t<\/div>\n\t\t<\/section>\n\t\t\t\t<section class=\"elementor-section elementor-top-section elementor-element elementor-element-23a121c elementor-section-boxed elementor-section-height-default elementor-section-height-default\" data-id=\"23a121c\" data-element_type=\"section\">\n\t\t\t\t\t\t<div class=\"elementor-container elementor-column-gap-default\">\n\t\t\t\t\t<div class=\"elementor-column elementor-col-100 elementor-top-column elementor-element elementor-element-80b8ffe\" data-id=\"80b8ffe\" data-element_type=\"column\">\n\t\t\t<div class=\"elementor-widget-wrap elementor-element-populated\">\n\t\t\t\t\t\t<div class=\"elementor-element elementor-element-99d0c47 elementor-widget elementor-widget-heading\" data-id=\"99d0c47\" data-element_type=\"widget\" data-widget_type=\"heading.default\">\n\t\t\t\t<div class=\"elementor-widget-container\">\n\t\t\t<h2 class=\"elementor-heading-title elementor-size-default\">SECTION 6 - COOKIES<\/h2>\t\t<\/div>\n\t\t\t\t<\/div>\n\t\t\t\t<div class=\"elementor-element elementor-element-84b6bb3 elementor-widget elementor-widget-text-editor\" data-id=\"84b6bb3\" data-element_type=\"widget\" data-widget_type=\"text-editor.default\">\n\t\t\t\t<div class=\"elementor-widget-container\">\n\t\t\t\t\t\t\t<p>Voici une liste de cookies que nous utilisons. Nous les avons list\u00e9s ici afin que vous puissiez choisir si vous souhaitez d\u00e9sactiver les cookies ou non.<\/p><p>_session_id, jeton unique, sessionnel, permet \u00e0 woocommerce de stocker des informations sur votre session (r\u00e9f\u00e9rent, page de destination, etc.).<\/p><p>_woocommerce_visit, aucune donn\u00e9e conserv\u00e9e, Persistant pendant 30 minutes \u00e0 compter de la derni\u00e8re visite, Utilis\u00e9 par le traqueur de statistiques interne de notre fournisseur de site web pour enregistrer le nombre de visites<\/p><p>_woocommerce_uniq, aucune donn\u00e9e conserv\u00e9e, expire minuit (par rapport au visiteur) du jour suivant, Compte le nombre de visites dans un magasin par un seul client.<\/p><p>panier, jeton unique, persistant pendant 2 semaines, Stocke des informations sur le contenu de votre panier.<\/p><p>_secure_session_id, jeton unique, sessionnel<\/p><p>storefront_digest, token unique, ind\u00e9fini Si le magasin a un mot de passe, il est utilis\u00e9 pour d\u00e9terminer si le visiteur actuel a acc\u00e8s.<\/p><p>PREF, persistant pendant une tr\u00e8s courte p\u00e9riode, Set par Google et les pistes qui visite le magasin et d&#8217;o\u00f9<\/p>\t\t\t\t\t\t<\/div>\n\t\t\t\t<\/div>\n\t\t\t\t\t<\/div>\n\t\t<\/div>\n\t\t\t\t\t<\/div>\n\t\t<\/section>\n\t\t\t\t<section class=\"elementor-section elementor-top-section elementor-element elementor-element-c1901cc elementor-section-boxed elementor-section-height-default elementor-section-height-default\" data-id=\"c1901cc\" data-element_type=\"section\">\n\t\t\t\t\t\t<div class=\"elementor-container elementor-column-gap-default\">\n\t\t\t\t\t<div class=\"elementor-column elementor-col-100 elementor-top-column elementor-element elementor-element-2d04a19\" data-id=\"2d04a19\" data-element_type=\"column\">\n\t\t\t<div class=\"elementor-widget-wrap elementor-element-populated\">\n\t\t\t\t\t\t<div class=\"elementor-element elementor-element-309523b elementor-widget elementor-widget-heading\" data-id=\"309523b\" data-element_type=\"widget\" data-widget_type=\"heading.default\">\n\t\t\t\t<div class=\"elementor-widget-container\">\n\t\t\t<h2 class=\"elementor-heading-title elementor-size-default\">SECTION 7 - \u00c2GE DE CONSENTEMENT<\/h2>\t\t<\/div>\n\t\t\t\t<\/div>\n\t\t\t\t<div class=\"elementor-element elementor-element-5007e29 elementor-widget elementor-widget-text-editor\" data-id=\"5007e29\" data-element_type=\"widget\" data-widget_type=\"text-editor.default\">\n\t\t\t\t<div class=\"elementor-widget-container\">\n\t\t\t\t\t\t\tEn utilisant ce site, vous d\u00e9clarez que vous avez au moins l&#8217;\u00e2ge de la majorit\u00e9 dans votre \u00e9tat ou province de r\u00e9sidence, ou que vous avez l&#8217;\u00e2ge de la majorit\u00e9 dans votre \u00e9tat ou province de r\u00e9sidence et vous nous avez donn\u00e9 votre consentement pour permettre vos d\u00e9pendants mineurs d&#8217;utiliser ce site.\t\t\t\t\t\t<\/div>\n\t\t\t\t<\/div>\n\t\t\t\t\t<\/div>\n\t\t<\/div>\n\t\t\t\t\t<\/div>\n\t\t<\/section>\n\t\t\t\t<section class=\"elementor-section elementor-top-section elementor-element elementor-element-8896cd3 elementor-section-boxed elementor-section-height-default elementor-section-height-default\" data-id=\"8896cd3\" data-element_type=\"section\">\n\t\t\t\t\t\t<div class=\"elementor-container elementor-column-gap-default\">\n\t\t\t\t\t<div class=\"elementor-column elementor-col-100 elementor-top-column elementor-element elementor-element-ce44119\" data-id=\"ce44119\" data-element_type=\"column\">\n\t\t\t<div class=\"elementor-widget-wrap elementor-element-populated\">\n\t\t\t\t\t\t<div class=\"elementor-element elementor-element-5334ec2 elementor-widget elementor-widget-heading\" data-id=\"5334ec2\" data-element_type=\"widget\" data-widget_type=\"heading.default\">\n\t\t\t\t<div class=\"elementor-widget-container\">\n\t\t\t<h2 class=\"elementor-heading-title elementor-size-default\">SECTION 9 - MODIFICATIONS DE CETTE POLITIQUE DE CONFIDENTIALIT\u00c9\n<\/h2>\t\t<\/div>\n\t\t\t\t<\/div>\n\t\t\t\t<div class=\"elementor-element elementor-element-0b183d2 elementor-widget elementor-widget-text-editor\" data-id=\"0b183d2\" data-element_type=\"widget\" data-widget_type=\"text-editor.default\">\n\t\t\t\t<div class=\"elementor-widget-container\">\n\t\t\t\t\t\t\tNous nous r\u00e9servons le droit de modifier cette politique de confidentialit\u00e9 \u00e0 tout moment, veuillez donc la consulter fr\u00e9quemment. Les changements et les clarifications entreront en vigueur imm\u00e9diatement apr\u00e8s leur publication sur le site Web. Si nous apportons des changements importants \u00e0 cette politique, nous vous informerons qu&#8217;elle a \u00e9t\u00e9 mise \u00e0 jour, afin que vous sachiez quelles informations nous collectons, comment nous les utilisons et dans quelles circonstances, le cas \u00e9ch\u00e9ant, nous utilisons et \/ ou divulguons il.\nSi notre magasin est acquis ou fusionn\u00e9 avec une autre soci\u00e9t\u00e9, vos informations peuvent \u00eatre transf\u00e9r\u00e9es aux nouveaux propri\u00e9taires afin que nous puissions continuer \u00e0 vous vendre des produits.\t\t\t\t\t\t<\/div>\n\t\t\t\t<\/div>\n\t\t\t\t\t<\/div>\n\t\t<\/div>\n\t\t\t\t\t<\/div>\n\t\t<\/section>\n\t\t\t\t<\/div>\n\t\t","protected":false},"excerpt":{"rendered":"<p>POLITIQUE DE CONFIDENTIALIT\u00c9 SECTION 1 &#8211; QUE FAISONS-NOUS AVEC VOS INFORMATIONS? Lorsque vous achetez quelque chose dans notre magasin, dans le cadre du processus d&#8217;achat et de vente, nous collectons les informations personnelles que vous nous communiquez, telles que votre nom, adresse et adresse e-mail. Lorsque vous parcourez notre magasin, nous recevons automatiquement l&#8217;adresse IP [&hellip;]<\/p>\n","protected":false},"author":1,"featured_media":0,"parent":0,"menu_order":0,"comment_status":"closed","ping_status":"closed","template":"elementor_header_footer","meta":{"footnotes":""},"class_list":["post-14393","page","type-page","status-publish","hentry"],"_links":{"self":[{"href":"https:\/\/lossaw.com\/store\/wp-json\/wp\/v2\/pages\/14393","targetHints":{"allow":["GET"]}}],"collection":[{"href":"https:\/\/lossaw.com\/store\/wp-json\/wp\/v2\/pages"}],"about":[{"href":"https:\/\/lossaw.com\/store\/wp-json\/wp\/v2\/types\/page"}],"author":[{"embeddable":true,"href":"https:\/\/lossaw.com\/store\/wp-json\/wp\/v2\/users\/1"}],"replies":[{"embeddable":true,"href":"https:\/\/lossaw.com\/store\/wp-json\/wp\/v2\/comments?post=14393"}],"version-history":[{"count":0,"href":"https:\/\/lossaw.com\/store\/wp-json\/wp\/v2\/pages\/14393\/revisions"}],"wp:attachment":[{"href":"https:\/\/lossaw.com\/store\/wp-json\/wp\/v2\/media?parent=14393"}],"curies":[{"name":"wp","href":"https:\/\/api.w.org\/{rel}","templated":true}]}}