
{"id":14411,"date":"2022-11-08T12:21:00","date_gmt":"2022-11-08T12:21:00","guid":{"rendered":"https:\/\/lossaw.com\/store\/?page_id=14411"},"modified":"2022-11-08T12:25:46","modified_gmt":"2022-11-08T12:25:46","slug":"return-policy","status":"publish","type":"page","link":"https:\/\/lossaw.com\/store\/return-policy\/?lang=fr","title":{"rendered":"Politique d&#8217;\u00e9change et de retour"},"content":{"rendered":"\t\t<div data-elementor-type=\"wp-page\" data-elementor-id=\"14411\" class=\"elementor elementor-14411\">\n\t\t\t\t\t\t<section class=\"elementor-section elementor-top-section elementor-element elementor-element-d680b04 elementor-section-boxed elementor-section-height-default elementor-section-height-default\" data-id=\"d680b04\" data-element_type=\"section\">\n\t\t\t\t\t\t<div class=\"elementor-container elementor-column-gap-default\">\n\t\t\t\t\t<div class=\"elementor-column elementor-col-100 elementor-top-column elementor-element elementor-element-d63cccf\" data-id=\"d63cccf\" data-element_type=\"column\">\n\t\t\t<div class=\"elementor-widget-wrap elementor-element-populated\">\n\t\t\t\t\t\t<div class=\"elementor-element elementor-element-c707ee0 elementor-widget elementor-widget-heading\" data-id=\"c707ee0\" data-element_type=\"widget\" data-widget_type=\"heading.default\">\n\t\t\t\t<div class=\"elementor-widget-container\">\n\t\t\t<h2 class=\"elementor-heading-title elementor-size-default\">Politique d'\u00e9change et de retour<\/h2>\t\t<\/div>\n\t\t\t\t<\/div>\n\t\t\t\t<div class=\"elementor-element elementor-element-a8bd924 elementor-widget elementor-widget-text-editor\" data-id=\"a8bd924\" data-element_type=\"widget\" data-widget_type=\"text-editor.default\">\n\t\t\t\t<div class=\"elementor-widget-container\">\n\t\t\t\t\t\t\t<div style=\"overflow-wrap: break-word;\">\n<ul>\n<li>Le remplacement et les retours sont le droit garanti de tous nos clients, et cela inclut tous les produits que nous proposons sur notre boutique.<\/li>\n<li>Tous les produits affich\u00e9s sur notre boutique sont soumis \u00e0 la politique d&#8217;\u00e9change et de retour selon les termes et conditions stipul\u00e9s dans cette page.<\/li>\n<li>Le retour ou l&#8217;\u00e9change peut \u00eatre effectu\u00e9 si le produit est dans le m\u00eame \u00e9tat d&#8217;origine lors de l&#8217;achat et dans son emballage d&#8217;origine.<\/li>\n<li>Retour sous trois (3) jours et \u00e9change sous sept (7) jours \u00e0 compter de la date d&#8217;achat.<\/li>\n<li>Veuillez nous contacter via la page Contactez-nous ou via nos num\u00e9ros de t\u00e9l\u00e9phone afin de demander un retour ou un remplacement.<\/li>\n<li>Veuillez photographier le produit et l&#8217;envoyer avec la ville, l&#8217;adresse et le num\u00e9ro de commande \u00e0 remplacer par un autre produit au cas o\u00f9 le produit est corrompu ou pr\u00e9sente un d\u00e9faut sp\u00e9cifique, ou n&#8217;est pas utilis\u00e9 conform\u00e9ment \u00e0 l&#8217;accord.<\/li>\n<li>Un remboursement complet sera accord\u00e9 au client dans le cas o\u00f9 le produit qu&#8217;il a re\u00e7u est compl\u00e8tement diff\u00e9rent de la description du produit sur la page du produit sur notre site Web.<\/li>\n<li>Nous ne sommes pas responsables des attentes de l&#8217;utilisation des produits par le client que nous n&#8217;avons pas mentionn\u00e9es sur la page produit de notre site Web.<\/li>\n<li>30% de r\u00e9duction ou une valeur d&#8217;au moins 25 dirhams si le client ne souhaite pas le produit et qu&#8217;il ne pr\u00e9sente aucun d\u00e9faut ou probl\u00e8me mentionn\u00e9.<br><\/li>\n<\/ul>\n<\/div>\t\t\t\t\t\t<\/div>\n\t\t\t\t<\/div>\n\t\t\t\t\t<\/div>\n\t\t<\/div>\n\t\t\t\t\t<\/div>\n\t\t<\/section>\n\t\t\t\t<\/div>\n\t\t","protected":false},"excerpt":{"rendered":"<p>Politique d&#8217;\u00e9change et de retour Le remplacement et les retours sont le droit garanti de tous nos clients, et cela inclut tous les produits que nous proposons sur notre boutique. Tous les produits affich\u00e9s sur notre boutique sont soumis \u00e0 la politique d&#8217;\u00e9change et de retour selon les termes et conditions stipul\u00e9s dans cette page. [&hellip;]<\/p>\n","protected":false},"author":1,"featured_media":0,"parent":0,"menu_order":0,"comment_status":"closed","ping_status":"closed","template":"elementor_header_footer","meta":{"footnotes":""},"class_list":["post-14411","page","type-page","status-publish","hentry"],"_links":{"self":[{"href":"https:\/\/lossaw.com\/store\/wp-json\/wp\/v2\/pages\/14411","targetHints":{"allow":["GET"]}}],"collection":[{"href":"https:\/\/lossaw.com\/store\/wp-json\/wp\/v2\/pages"}],"about":[{"href":"https:\/\/lossaw.com\/store\/wp-json\/wp\/v2\/types\/page"}],"author":[{"embeddable":true,"href":"https:\/\/lossaw.com\/store\/wp-json\/wp\/v2\/users\/1"}],"replies":[{"embeddable":true,"href":"https:\/\/lossaw.com\/store\/wp-json\/wp\/v2\/comments?post=14411"}],"version-history":[{"count":0,"href":"https:\/\/lossaw.com\/store\/wp-json\/wp\/v2\/pages\/14411\/revisions"}],"wp:attachment":[{"href":"https:\/\/lossaw.com\/store\/wp-json\/wp\/v2\/media?parent=14411"}],"curies":[{"name":"wp","href":"https:\/\/api.w.org\/{rel}","templated":true}]}}