
{"id":14418,"date":"2022-11-08T10:44:07","date_gmt":"2022-11-08T10:44:07","guid":{"rendered":"https:\/\/lossaw.com\/store\/about\/"},"modified":"2022-11-08T12:32:48","modified_gmt":"2022-11-08T12:32:48","slug":"about","status":"publish","type":"page","link":"https:\/\/lossaw.com\/store\/about\/?lang=fr","title":{"rendered":"Qui sommes-nous?"},"content":{"rendered":"\t\t<div data-elementor-type=\"wp-page\" data-elementor-id=\"14418\" class=\"elementor elementor-14418\">\n\t\t\t\t\t\t<section class=\"elementor-section elementor-top-section elementor-element elementor-element-ba953b9 elementor-section-full_width elementor-section-stretched elementor-section-height-min-height elementor-section-height-default elementor-section-items-middle\" data-id=\"ba953b9\" data-element_type=\"section\" data-settings=\"{&quot;stretch_section&quot;:&quot;section-stretched&quot;,&quot;background_background&quot;:&quot;classic&quot;}\">\n\t\t\t\t\t\t<div class=\"elementor-container elementor-column-gap-default\">\n\t\t\t\t\t<div class=\"elementor-column elementor-col-33 elementor-top-column elementor-element elementor-element-f04947c\" data-id=\"f04947c\" data-element_type=\"column\">\n\t\t\t<div class=\"elementor-widget-wrap\">\n\t\t\t\t\t\t\t<\/div>\n\t\t<\/div>\n\t\t\t\t<div class=\"elementor-column elementor-col-33 elementor-top-column elementor-element elementor-element-a65dfe0\" data-id=\"a65dfe0\" data-element_type=\"column\">\n\t\t\t<div class=\"elementor-widget-wrap elementor-element-populated\">\n\t\t\t\t\t\t<div class=\"elementor-element elementor-element-11529bc elementor-widget elementor-widget-image\" data-id=\"11529bc\" data-element_type=\"widget\" data-widget_type=\"image.default\">\n\t\t\t\t<div class=\"elementor-widget-container\">\n\t\t\t\t\t\t\t\t\t\t\t\t\t<img fetchpriority=\"high\" decoding=\"async\" width=\"610\" height=\"520\" src=\"https:\/\/lossaw.com\/store\/wp-content\/uploads\/2022\/11\/LOGO-FOOTER-FR.png\" class=\"attachment-large size-large wp-image-14339 wvs-archive-product-image\" alt=\"\" srcset=\"https:\/\/lossaw.com\/store\/wp-content\/uploads\/2022\/11\/LOGO-FOOTER-FR.png 610w, https:\/\/lossaw.com\/store\/wp-content\/uploads\/2022\/11\/LOGO-FOOTER-FR-300x256.png 300w, https:\/\/lossaw.com\/store\/wp-content\/uploads\/2022\/11\/LOGO-FOOTER-FR-441x376.png 441w, https:\/\/lossaw.com\/store\/wp-content\/uploads\/2022\/11\/LOGO-FOOTER-FR-600x511.png 600w, https:\/\/lossaw.com\/store\/wp-content\/uploads\/2022\/11\/LOGO-FOOTER-FR-150x128.png 150w\" sizes=\"(max-width: 360px) 147px, (max-width: 610px) 100vw, 610px\" \/>\t\t\t\t\t\t\t\t\t\t\t\t\t<\/div>\n\t\t\t\t<\/div>\n\t\t\t\t\t<\/div>\n\t\t<\/div>\n\t\t\t\t<div class=\"elementor-column elementor-col-33 elementor-top-column elementor-element elementor-element-0c1a1d3\" data-id=\"0c1a1d3\" data-element_type=\"column\">\n\t\t\t<div class=\"elementor-widget-wrap\">\n\t\t\t\t\t\t\t<\/div>\n\t\t<\/div>\n\t\t\t\t\t<\/div>\n\t\t<\/section>\n\t\t\t\t<section class=\"elementor-section elementor-top-section elementor-element elementor-element-7f47610 elementor-section-boxed elementor-section-height-default elementor-section-height-default\" data-id=\"7f47610\" data-element_type=\"section\">\n\t\t\t\t\t\t<div class=\"elementor-container elementor-column-gap-default\">\n\t\t\t\t\t<div class=\"elementor-column elementor-col-33 elementor-top-column elementor-element elementor-element-a525939\" data-id=\"a525939\" data-element_type=\"column\">\n\t\t\t<div class=\"elementor-widget-wrap\">\n\t\t\t\t\t\t\t<\/div>\n\t\t<\/div>\n\t\t\t\t<div class=\"elementor-column elementor-col-33 elementor-top-column elementor-element elementor-element-458044e\" data-id=\"458044e\" data-element_type=\"column\">\n\t\t\t<div class=\"elementor-widget-wrap elementor-element-populated\">\n\t\t\t\t\t\t<div class=\"elementor-element elementor-element-0572799 elementor-widget elementor-widget-text-editor\" data-id=\"0572799\" data-element_type=\"widget\" data-widget_type=\"text-editor.default\">\n\t\t\t\t<div class=\"elementor-widget-container\">\n\t\t\t\t\t\t\tNous sommes le site de vente en ligne num\u00e9ro 1 au Maroc\t\t\t\t\t\t<\/div>\n\t\t\t\t<\/div>\n\t\t\t\t<div class=\"elementor-element elementor-element-7d31aee elementor-widget elementor-widget-text-editor\" data-id=\"7d31aee\" data-element_type=\"widget\" data-widget_type=\"text-editor.default\">\n\t\t\t\t<div class=\"elementor-widget-container\">\n\t\t\t\t\t\t\t<p>Gr\u00e2ce \u00e0 notre site internet, tous les marocains peuvent acc\u00e9der et faire leurs achats de mani\u00e8re simple et facile.Gr\u00e2ce \u00e0 nos diff\u00e9rents produits, retrouvez les meilleurs produits de pu\u00e9riculture, ainsi que des jouets, une gamme de cosm\u00e9tiques uniques au Maroc \u00e0 des prix tr\u00e8s comp\u00e9titifs, et un s\u00e9lection de produits de soins cheveux et de la peau, sans oublier les outils, les fournitures m\u00e9nag\u00e8res, les ustensiles de cuisine, ainsi que les d\u00e9corations pour la maison \u00e0 afficher et enfin tout l&#8217;univers de la mode : chaussures, v\u00eatements et accessoires pour toute la famille&#8230;<\/p>\t\t\t\t\t\t<\/div>\n\t\t\t\t<\/div>\n\t\t\t\t<div class=\"elementor-element elementor-element-feaa60c elementor-widget elementor-widget-text-editor\" data-id=\"feaa60c\" data-element_type=\"widget\" data-widget_type=\"text-editor.default\">\n\t\t\t\t<div class=\"elementor-widget-container\">\n\t\t\t\t\t\t\t<p>Vos commandes vous sont livr\u00e9es dans les meilleurs d\u00e9lais partout au Maroc !<\/p>\t\t\t\t\t\t<\/div>\n\t\t\t\t<\/div>\n\t\t\t\t<div class=\"elementor-element elementor-element-ab59b11 elementor-widget elementor-widget-text-editor\" data-id=\"ab59b11\" data-element_type=\"widget\" data-widget_type=\"text-editor.default\">\n\t\t\t\t<div class=\"elementor-widget-container\">\n\t\t\t\t\t\t\t<p>Pour plus de s\u00e9curit\u00e9 et d&#8217;efficacit\u00e9, vous payez le d\u00e9lai de livraison.<\/p>\t\t\t\t\t\t<\/div>\n\t\t\t\t<\/div>\n\t\t\t\t<div class=\"elementor-element elementor-element-e896a4c elementor-widget elementor-widget-text-editor\" data-id=\"e896a4c\" data-element_type=\"widget\" data-widget_type=\"text-editor.default\">\n\t\t\t\t<div class=\"elementor-widget-container\">\n\t\t\t\t\t\t\t<p>En cas de d\u00e9faut, vous disposez de trois (3) jours calendaires \u00e0 compter du jour de r\u00e9ception pour retourner votre produit.<\/p>\t\t\t\t\t\t<\/div>\n\t\t\t\t<\/div>\n\t\t\t\t\t<\/div>\n\t\t<\/div>\n\t\t\t\t<div class=\"elementor-column elementor-col-33 elementor-top-column elementor-element elementor-element-5a89f18\" data-id=\"5a89f18\" data-element_type=\"column\">\n\t\t\t<div class=\"elementor-widget-wrap\">\n\t\t\t\t\t\t\t<\/div>\n\t\t<\/div>\n\t\t\t\t\t<\/div>\n\t\t<\/section>\n\t\t\t\t<\/div>\n\t\t","protected":false},"excerpt":{"rendered":"<p>Nous sommes le site de vente en ligne num\u00e9ro 1 au Maroc Gr\u00e2ce \u00e0 notre site internet, tous les marocains peuvent acc\u00e9der et faire leurs achats de mani\u00e8re simple et facile.Gr\u00e2ce \u00e0 nos diff\u00e9rents produits, retrouvez les meilleurs produits de pu\u00e9riculture, ainsi que des jouets, une gamme de cosm\u00e9tiques uniques au Maroc \u00e0 des prix [&hellip;]<\/p>\n","protected":false},"author":1,"featured_media":0,"parent":0,"menu_order":0,"comment_status":"closed","ping_status":"closed","template":"elementor_header_footer","meta":{"footnotes":""},"class_list":["post-14418","page","type-page","status-publish","hentry"],"_links":{"self":[{"href":"https:\/\/lossaw.com\/store\/wp-json\/wp\/v2\/pages\/14418","targetHints":{"allow":["GET"]}}],"collection":[{"href":"https:\/\/lossaw.com\/store\/wp-json\/wp\/v2\/pages"}],"about":[{"href":"https:\/\/lossaw.com\/store\/wp-json\/wp\/v2\/types\/page"}],"author":[{"embeddable":true,"href":"https:\/\/lossaw.com\/store\/wp-json\/wp\/v2\/users\/1"}],"replies":[{"embeddable":true,"href":"https:\/\/lossaw.com\/store\/wp-json\/wp\/v2\/comments?post=14418"}],"version-history":[{"count":0,"href":"https:\/\/lossaw.com\/store\/wp-json\/wp\/v2\/pages\/14418\/revisions"}],"wp:attachment":[{"href":"https:\/\/lossaw.com\/store\/wp-json\/wp\/v2\/media?parent=14418"}],"curies":[{"name":"wp","href":"https:\/\/api.w.org\/{rel}","templated":true}]}}